{"id":2305,"date":"2024-03-11T09:10:27","date_gmt":"2024-03-11T08:10:27","guid":{"rendered":"https:\/\/www.campingsaintmichel.fr\/a-voir-a-faire\/"},"modified":"2025-03-21T11:09:27","modified_gmt":"2025-03-21T10:09:27","slug":"to-see-to-do","status":"publish","type":"page","link":"https:\/\/www.campingsaintmichel.fr\/en\/to-see-to-do\/","title":{"rendered":"To see and to do"},"content":{"rendered":"\t\t<div data-elementor-type=\"wp-page\" data-elementor-id=\"2305\" class=\"elementor elementor-2305 elementor-1071\" data-elementor-post-type=\"page\">\n\t\t\t\t\t\t<section class=\"elementor-section elementor-top-section elementor-element elementor-element-3a8facf2 section_title center elementor-section-boxed elementor-section-height-default elementor-section-height-default\" data-id=\"3a8facf2\" data-element_type=\"section\" data-e-type=\"section\" data-settings=\"{&quot;background_background&quot;:&quot;classic&quot;}\">\n\t\t\t\t\t\t<div class=\"elementor-container elementor-column-gap-default\">\n\t\t\t\t\t<div class=\"elementor-column elementor-col-100 elementor-top-column elementor-element elementor-element-3219280e\" data-id=\"3219280e\" data-element_type=\"column\" data-e-type=\"column\">\n\t\t\t<div class=\"elementor-widget-wrap elementor-element-populated\">\n\t\t\t\t\t\t<section class=\"elementor-section elementor-inner-section elementor-element elementor-element-3ad74be6 elementor-section-boxed elementor-section-height-default elementor-section-height-default\" data-id=\"3ad74be6\" data-element_type=\"section\" data-e-type=\"section\">\n\t\t\t\t\t\t<div class=\"elementor-container elementor-column-gap-default\">\n\t\t\t\t\t<div class=\"elementor-column elementor-col-100 elementor-inner-column elementor-element elementor-element-4044d6d2\" data-id=\"4044d6d2\" data-element_type=\"column\" data-e-type=\"column\">\n\t\t\t<div class=\"elementor-widget-wrap elementor-element-populated\">\n\t\t\t\t\t\t\t<\/div>\n\t\t<\/div>\n\t\t\t\t\t<\/div>\n\t\t<\/section>\n\t\t\t\t\t<\/div>\n\t\t<\/div>\n\t\t\t\t\t<\/div>\n\t\t<\/section>\n\t\t\t\t<section class=\"elementor-section elementor-top-section elementor-element elementor-element-882257b no_margin fond fonce small_wrapper camping elementor-section-boxed elementor-section-height-default elementor-section-height-default\" data-id=\"882257b\" data-element_type=\"section\" data-e-type=\"section\">\n\t\t\t\t\t\t<div class=\"elementor-container elementor-column-gap-default\">\n\t\t\t\t\t<div class=\"elementor-column elementor-col-100 elementor-top-column elementor-element elementor-element-2fcbfe49\" data-id=\"2fcbfe49\" data-element_type=\"column\" data-e-type=\"column\">\n\t\t\t<div class=\"elementor-widget-wrap elementor-element-populated\">\n\t\t\t\t\t\t<div class=\"elementor-element elementor-element-24846c73 center elementor-widget elementor-widget-heading\" data-id=\"24846c73\" data-element_type=\"widget\" data-e-type=\"widget\" data-widget_type=\"heading.default\">\n\t\t\t\t<div class=\"elementor-widget-container\">\n\t\t\t\t\t<h2 class=\"elementor-heading-title elementor-size-default\"><span>Around <\/span>\nthe campsite<\/h2>\t\t\t\t<\/div>\n\t\t\t\t<\/div>\n\t\t\t\t<div class=\"elementor-element elementor-element-5806643b center elementor-widget elementor-widget-text-editor\" data-id=\"5806643b\" data-element_type=\"widget\" data-e-type=\"widget\" data-widget_type=\"text-editor.default\">\n\t\t\t\t<div class=\"elementor-widget-container\">\n\t\t\t\t\t\t\t\t\t<p>In Saint-Michel, you will find the calm and joys of the seaside in this campsite with a natural spirit. By bike, on foot, by bus (free in summer), many micro-adventures are<br \/>available to you. An exotic escape is possible within two steps, two meters, two km\u2026 of the campsite.<\/p>\t\t\t\t\t\t\t\t<\/div>\n\t\t\t\t<\/div>\n\t\t\t\t<section class=\"elementor-section elementor-inner-section elementor-element elementor-element-4329ebd7 block_txt_img elementor-section-boxed elementor-section-height-default elementor-section-height-default\" data-id=\"4329ebd7\" data-element_type=\"section\" data-e-type=\"section\">\n\t\t\t\t\t\t<div class=\"elementor-container elementor-column-gap-default\">\n\t\t\t\t\t<div class=\"elementor-column elementor-col-50 elementor-inner-column elementor-element elementor-element-26bda0de block_txt\" data-id=\"26bda0de\" data-element_type=\"column\" data-e-type=\"column\">\n\t\t\t<div class=\"elementor-widget-wrap elementor-element-populated\">\n\t\t\t\t\t\t<div class=\"elementor-element elementor-element-ba12387 h3 elementor-widget elementor-widget-heading\" data-id=\"ba12387\" data-element_type=\"widget\" data-e-type=\"widget\" data-widget_type=\"heading.default\">\n\t\t\t\t<div class=\"elementor-widget-container\">\n\t\t\t\t\t<h2 class=\"elementor-heading-title elementor-size-default\">The coastline<\/h2>\t\t\t\t<\/div>\n\t\t\t\t<\/div>\n\t\t\t\t<div class=\"elementor-element elementor-element-faf90bf elementor-widget elementor-widget-text-editor\" data-id=\"faf90bf\" data-element_type=\"widget\" data-e-type=\"widget\" data-widget_type=\"text-editor.default\">\n\t\t\t\t<div class=\"elementor-widget-container\">\n\t\t\t\t\t\t\t\t\t<ul><li>Saint-Michel beach, a large expanse of thin sand dotted with pebbles and pink sandstone rocks, offers a view and access to the Saint-Michel islet dominated by its Chapel.<\/li><li>Other thin sand beaches to discover with direct access. Our site is ideal for access to water activities.<\/li><li>Possibility of participating in specific activities linked to the discovery of the marine environment with our Guide Micka\u00ebl, from Bretagne Passion Sous Marine.<\/li><\/ul>\t\t\t\t\t\t\t\t<\/div>\n\t\t\t\t<\/div>\n\t\t\t\t<div class=\"elementor-element elementor-element-1369e02 h3 elementor-widget elementor-widget-heading\" data-id=\"1369e02\" data-element_type=\"widget\" data-e-type=\"widget\" data-widget_type=\"heading.default\">\n\t\t\t\t<div class=\"elementor-widget-container\">\n\t\t\t\t\t<h2 class=\"elementor-heading-title elementor-size-default\">Ideas for outings in Erquy<\/h2>\t\t\t\t<\/div>\n\t\t\t\t<\/div>\n\t\t\t\t<div class=\"elementor-element elementor-element-b2e4666 elementor-widget elementor-widget-text-editor\" data-id=\"b2e4666\" data-element_type=\"widget\" data-e-type=\"widget\" data-widget_type=\"text-editor.default\">\n\t\t\t\t<div class=\"elementor-widget-container\">\n\t\t\t\t\t\t\t\t\t<ul><li>Erquy: The marina and its town centre \u2013 5kms<\/li><li>The Bernard Nonnet Art Gallery, Erquy \u2013 5kms<\/li><li>The Saturday market<\/li><li>The artisan\u2019halles on Mondays, in the evenings during the summer<\/li><li>Mercredi des Musiques du Monde (World Music Wednesdays) MMM<\/li><li>The cinema (reopening, spring 2025)<\/li><\/ul>\t\t\t\t\t\t\t\t<\/div>\n\t\t\t\t<\/div>\n\t\t\t\t\t<\/div>\n\t\t<\/div>\n\t\t\t\t<div class=\"elementor-column elementor-col-50 elementor-inner-column elementor-element elementor-element-2888daef block_img\" data-id=\"2888daef\" data-element_type=\"column\" data-e-type=\"column\">\n\t\t\t<div class=\"elementor-widget-wrap elementor-element-populated\">\n\t\t\t\t\t\t<div class=\"elementor-element elementor-element-3d3ddde7 elementor-widget elementor-widget-image\" data-id=\"3d3ddde7\" data-element_type=\"widget\" data-e-type=\"widget\" data-widget_type=\"image.default\">\n\t\t\t\t<div class=\"elementor-widget-container\">\n\t\t\t\t\t\t\t\t\t\t\t\t\t\t\t\t<a href=\"https:\/\/www.campingsaintmichel.fr\/public\/uploads\/2024\/05\/ilot-st-michel.jpg\" data-elementor-open-lightbox=\"yes\" data-elementor-lightbox-title=\"ilot-st-michel\" data-e-action-hash=\"#elementor-action%3Aaction%3Dlightbox%26settings%3DeyJpZCI6MjIwNSwidXJsIjoiaHR0cHM6XC9cL3d3dy5jYW1waW5nc2FpbnRtaWNoZWwuZnJcL3B1YmxpY1wvdXBsb2Fkc1wvMjAyNFwvMDVcL2lsb3Qtc3QtbWljaGVsLmpwZyJ9\">\n\t\t\t\t\t\t\t<img fetchpriority=\"high\" decoding=\"async\" width=\"1000\" height=\"667\" src=\"https:\/\/www.campingsaintmichel.fr\/public\/uploads\/2024\/05\/ilot-st-michel.jpg\" class=\"attachment-full size-full wp-image-2205\" alt=\"\" srcset=\"https:\/\/www.campingsaintmichel.fr\/public\/uploads\/2024\/05\/ilot-st-michel.jpg 1000w, https:\/\/www.campingsaintmichel.fr\/public\/uploads\/2024\/05\/ilot-st-michel-300x200.jpg 300w, https:\/\/www.campingsaintmichel.fr\/public\/uploads\/2024\/05\/ilot-st-michel-768x512.jpg 768w\" sizes=\"(max-width: 1000px) 100vw, 1000px\" \/>\t\t\t\t\t\t\t\t<\/a>\n\t\t\t\t\t\t\t\t\t\t\t\t\t\t\t<\/div>\n\t\t\t\t<\/div>\n\t\t\t\t\t<\/div>\n\t\t<\/div>\n\t\t\t\t\t<\/div>\n\t\t<\/section>\n\t\t\t\t\t<\/div>\n\t\t<\/div>\n\t\t\t\t\t<\/div>\n\t\t<\/section>\n\t\t\t\t<section class=\"elementor-section elementor-top-section elementor-element elementor-element-82e80b4 elementor-section-full_width no_margin galerie elementor-section-height-default elementor-section-height-default\" data-id=\"82e80b4\" data-element_type=\"section\" data-e-type=\"section\">\n\t\t\t\t\t\t<div class=\"elementor-container elementor-column-gap-default\">\n\t\t\t\t\t<div class=\"elementor-column elementor-col-100 elementor-top-column elementor-element elementor-element-1a893c17\" data-id=\"1a893c17\" data-element_type=\"column\" data-e-type=\"column\">\n\t\t\t<div class=\"elementor-widget-wrap elementor-element-populated\">\n\t\t\t\t\t\t<section class=\"elementor-section elementor-inner-section elementor-element elementor-element-707014b2 elementor-section-full_width elementor-section-height-default elementor-section-height-default\" data-id=\"707014b2\" data-element_type=\"section\" data-e-type=\"section\">\n\t\t\t\t\t\t<div class=\"elementor-container elementor-column-gap-default\">\n\t\t\t\t\t<div class=\"elementor-column elementor-col-100 elementor-inner-column elementor-element elementor-element-5901d9f5 col_img\" data-id=\"5901d9f5\" data-element_type=\"column\" data-e-type=\"column\">\n\t\t\t<div class=\"elementor-widget-wrap elementor-element-populated\">\n\t\t\t\t\t\t<div class=\"elementor-element elementor-element-36fcdb7b elementor-skin-carousel elementor-widget elementor-widget-media-carousel\" data-id=\"36fcdb7b\" data-element_type=\"widget\" data-e-type=\"widget\" data-settings=\"{&quot;slides_per_view&quot;:&quot;4&quot;,&quot;space_between&quot;:{&quot;unit&quot;:&quot;px&quot;,&quot;size&quot;:0,&quot;sizes&quot;:[]},&quot;slides_per_view_tablet&quot;:&quot;3&quot;,&quot;slides_per_view_mobile&quot;:&quot;2&quot;,&quot;space_between_tablet&quot;:{&quot;unit&quot;:&quot;px&quot;,&quot;size&quot;:0,&quot;sizes&quot;:[]},&quot;space_between_mobile&quot;:{&quot;unit&quot;:&quot;px&quot;,&quot;size&quot;:0,&quot;sizes&quot;:[]},&quot;slides_to_scroll&quot;:&quot;1&quot;,&quot;autoplay_speed&quot;:2500,&quot;skin&quot;:&quot;carousel&quot;,&quot;effect&quot;:&quot;slide&quot;,&quot;speed&quot;:500,&quot;autoplay&quot;:&quot;yes&quot;,&quot;loop&quot;:&quot;yes&quot;,&quot;pause_on_hover&quot;:&quot;yes&quot;,&quot;pause_on_interaction&quot;:&quot;yes&quot;}\" data-widget_type=\"media-carousel.default\">\n\t\t\t\t<div class=\"elementor-widget-container\">\n\t\t\t\t\t\t\t<div class=\"elementor-swiper\">\n\t\t\t<div class=\"elementor-main-swiper swiper-container\">\n\t\t\t\t<div class=\"swiper-wrapper\">\n\t\t\t\t\t\t\t\t\t\t\t<div class=\"swiper-slide\">\n\t\t\t\t\t\t\t\t\t<div class=\"elementor-carousel-image\" role=\"img\" aria-label=\"capfrehel\" style=\"background-image: url(&#039;https:\/\/www.campingsaintmichel.fr\/public\/uploads\/2024\/05\/capfrehel.jpg&#039;)\">\n\n\t\t\t\n\t\t\t\t\t<\/div>\n\t\t\t\t\t\t\t\t<\/div>\n\t\t\t\t\t\t\t\t\t\t\t<div class=\"swiper-slide\">\n\t\t\t\t\t\t\t\t\t<div class=\"elementor-carousel-image\" role=\"img\" aria-label=\"peche-erquy\" style=\"background-image: url(&#039;https:\/\/www.campingsaintmichel.fr\/public\/uploads\/2024\/05\/peche-erquy.jpg&#039;)\">\n\n\t\t\t\n\t\t\t\t\t<\/div>\n\t\t\t\t\t\t\t\t<\/div>\n\t\t\t\t\t\t\t\t\t\t\t<div class=\"swiper-slide\">\n\t\t\t\t\t\t\t\t\t<div class=\"elementor-carousel-image\" role=\"img\" aria-label=\"lagunes-sablesdor\" style=\"background-image: url(&#039;https:\/\/www.campingsaintmichel.fr\/public\/uploads\/2024\/05\/lagunes-sablesdor.jpg&#039;)\">\n\n\t\t\t\n\t\t\t\t\t<\/div>\n\t\t\t\t\t\t\t\t<\/div>\n\t\t\t\t\t\t\t\t\t\t\t<div class=\"swiper-slide\">\n\t\t\t\t\t\t\t\t\t<div class=\"elementor-carousel-image\" role=\"img\" aria-label=\"gr34\" style=\"background-image: url(&#039;https:\/\/www.campingsaintmichel.fr\/public\/uploads\/2024\/05\/gr34.jpg&#039;)\">\n\n\t\t\t\n\t\t\t\t\t<\/div>\n\t\t\t\t\t\t\t\t<\/div>\n\t\t\t\t\t\t\t\t\t\t\t<div class=\"swiper-slide\">\n\t\t\t\t\t\t\t\t\t<div class=\"elementor-carousel-image\" role=\"img\" aria-label=\"cap(frehel\" style=\"background-image: url(&#039;https:\/\/www.campingsaintmichel.fr\/public\/uploads\/2024\/05\/capfrehel-1.jpg&#039;)\">\n\n\t\t\t\n\t\t\t\t\t<\/div>\n\t\t\t\t\t\t\t\t<\/div>\n\t\t\t\t\t\t\t\t\t\t\t<div class=\"swiper-slide\">\n\t\t\t\t\t\t\t\t\t<div class=\"elementor-carousel-image\" role=\"img\" aria-label=\"bruyeres\" style=\"background-image: url(&#039;https:\/\/www.campingsaintmichel.fr\/public\/uploads\/2024\/05\/bruyeres.jpg&#039;)\">\n\n\t\t\t\n\t\t\t\t\t<\/div>\n\t\t\t\t\t\t\t\t<\/div>\n\t\t\t\t\t\t\t\t\t\t\t<div class=\"swiper-slide\">\n\t\t\t\t\t\t\t\t\t<div class=\"elementor-carousel-image\" role=\"img\" aria-label=\"La Sainte Jeanne_Bsbpc-aa1676_GLADU Ronan\" style=\"background-image: url(&#039;https:\/\/www.campingsaintmichel.fr\/public\/uploads\/2024\/06\/La-Sainte-Jeanne_Bsbpc-aa1676_GLADU-Ronan.webp&#039;)\">\n\n\t\t\t\n\t\t\t\t\t<\/div>\n\t\t\t\t\t\t\t\t<\/div>\n\t\t\t\t\t\t\t\t\t\t\t<div class=\"swiper-slide\">\n\t\t\t\t\t\t\t\t\t<div class=\"elementor-carousel-image\" role=\"img\" aria-label=\"fortlalatte\" style=\"background-image: url(&#039;https:\/\/www.campingsaintmichel.fr\/public\/uploads\/2024\/05\/fortlalatte.jpg&#039;)\">\n\n\t\t\t\n\t\t\t\t\t<\/div>\n\t\t\t\t\t\t\t\t<\/div>\n\t\t\t\t\t\t\t\t\t\t\t<div class=\"swiper-slide\">\n\t\t\t\t\t\t\t\t\t<div class=\"elementor-carousel-image\" role=\"img\" aria-label=\"Ch\u00e2teau de Bienassis 3\" style=\"background-image: url(&#039;https:\/\/www.campingsaintmichel.fr\/public\/uploads\/2024\/11\/Chateau-de-Bienassis-3.webp&#039;)\">\n\n\t\t\t\n\t\t\t\t\t<\/div>\n\t\t\t\t\t\t\t\t<\/div>\n\t\t\t\t\t\t\t\t\t\t\t<div class=\"swiper-slide\">\n\t\t\t\t\t\t\t\t\t<div class=\"elementor-carousel-image\" role=\"img\" aria-label=\"Lamballe2020@alamoureux_MG_3711(LDD)\" style=\"background-image: url(&#039;https:\/\/www.campingsaintmichel.fr\/public\/uploads\/2024\/12\/Lamballe2020@alamoureux_MG_3711LDD.jpg&#039;)\">\n\n\t\t\t\n\t\t\t\t\t<\/div>\n\t\t\t\t\t\t\t\t<\/div>\n\t\t\t\t\t\t\t\t\t\t\t<div class=\"swiper-slide\">\n\t\t\t\t\t\t\t\t\t<div class=\"elementor-carousel-image\" role=\"img\" aria-label=\"Cal\u00e8che-Maison-Bourreau-Lamballe\u00a9OT-CapdErquyValAndr\u00e9\" style=\"background-image: url(&#039;https:\/\/www.campingsaintmichel.fr\/public\/uploads\/2024\/12\/Caleche-Maison-Bourreau-Lamballe\u00a9OT-CapdErquyValAndre.jpg&#039;)\">\n\n\t\t\t\n\t\t\t\t\t<\/div>\n\t\t\t\t\t\t\t\t<\/div>\n\t\t\t\t\t\t\t\t\t<\/div>\n\t\t\t\t\t\t\t\t\t\t\t\t\t\t\t\t\t\t\t\t\t<\/div>\n\t\t<\/div>\n\t\t\t\t\t\t<\/div>\n\t\t\t\t<\/div>\n\t\t\t\t\t<\/div>\n\t\t<\/div>\n\t\t\t\t\t<\/div>\n\t\t<\/section>\n\t\t\t\t\t<\/div>\n\t\t<\/div>\n\t\t\t\t\t<\/div>\n\t\t<\/section>\n\t\t\t\t<section class=\"elementor-section elementor-top-section elementor-element elementor-element-1b3772b block_txt_img elementor-section-boxed elementor-section-height-default elementor-section-height-default\" data-id=\"1b3772b\" data-element_type=\"section\" data-e-type=\"section\">\n\t\t\t\t\t\t<div class=\"elementor-container elementor-column-gap-default\">\n\t\t\t\t\t<div class=\"elementor-column elementor-col-33 elementor-top-column elementor-element elementor-element-65e12ff block_img\" data-id=\"65e12ff\" data-element_type=\"column\" data-e-type=\"column\">\n\t\t\t<div class=\"elementor-widget-wrap elementor-element-populated\">\n\t\t\t\t\t\t<div class=\"elementor-element elementor-element-1d0b989 elementor-widget elementor-widget-image\" data-id=\"1d0b989\" data-element_type=\"widget\" data-e-type=\"widget\" data-widget_type=\"image.default\">\n\t\t\t\t<div class=\"elementor-widget-container\">\n\t\t\t\t\t\t\t\t\t\t\t\t\t\t\t<img decoding=\"async\" width=\"1000\" height=\"667\" src=\"https:\/\/www.campingsaintmichel.fr\/public\/uploads\/2024\/05\/port-erquy.jpg\" class=\"attachment-large size-large wp-image-2210\" alt=\"\" srcset=\"https:\/\/www.campingsaintmichel.fr\/public\/uploads\/2024\/05\/port-erquy.jpg 1000w, https:\/\/www.campingsaintmichel.fr\/public\/uploads\/2024\/05\/port-erquy-300x200.jpg 300w, https:\/\/www.campingsaintmichel.fr\/public\/uploads\/2024\/05\/port-erquy-768x512.jpg 768w\" sizes=\"(max-width: 1000px) 100vw, 1000px\" \/>\t\t\t\t\t\t\t\t\t\t\t\t\t\t\t<\/div>\n\t\t\t\t<\/div>\n\t\t\t\t\t<\/div>\n\t\t<\/div>\n\t\t\t\t<div class=\"elementor-column elementor-col-33 elementor-top-column elementor-element elementor-element-1226239\" data-id=\"1226239\" data-element_type=\"column\" data-e-type=\"column\">\n\t\t\t<div class=\"elementor-widget-wrap elementor-element-populated\">\n\t\t\t\t\t\t<div class=\"elementor-element elementor-element-0908773 h3 elementor-widget elementor-widget-heading\" data-id=\"0908773\" data-element_type=\"widget\" data-e-type=\"widget\" data-widget_type=\"heading.default\">\n\t\t\t\t<div class=\"elementor-widget-container\">\n\t\t\t\t\t<h2 class=\"elementor-heading-title elementor-size-default\">Local heritage<\/h2>\t\t\t\t<\/div>\n\t\t\t\t<\/div>\n\t\t\t\t<div class=\"elementor-element elementor-element-b89d39e elementor-widget elementor-widget-text-editor\" data-id=\"b89d39e\" data-element_type=\"widget\" data-e-type=\"widget\" data-widget_type=\"text-editor.default\">\n\t\t\t\t<div class=\"elementor-widget-container\">\n\t\t\t\t\t\t\t\t\t<ul><li>Cap d\u2019Erquy \u2013 8 km via the GR34<\/li><li>Le Ch\u00e2teau de Bienassis \u2013 10kms<\/li><li>Ch\u00e2teau de la Hunaudaye \u2013 30kms<\/li><li>Ch\u00e2teau de la Roche Goyon \u2013 Fort Lalatte \u2013 20kms<\/li><li>Lamballe national stud \u2013 25kms<\/li><li>The Mathurin M\u00e9heut museum, Lamballe<\/li><\/ul>\t\t\t\t\t\t\t\t<\/div>\n\t\t\t\t<\/div>\n\t\t\t\t<div class=\"elementor-element elementor-element-0b60cb5 h3 elementor-widget elementor-widget-heading\" data-id=\"0b60cb5\" data-element_type=\"widget\" data-e-type=\"widget\" data-widget_type=\"heading.default\">\n\t\t\t\t<div class=\"elementor-widget-container\">\n\t\t\t\t\t<h2 class=\"elementor-heading-title elementor-size-default\">Travelling<\/h2>\t\t\t\t<\/div>\n\t\t\t\t<\/div>\n\t\t\t\t<div class=\"elementor-element elementor-element-3b1759e elementor-widget elementor-widget-text-editor\" data-id=\"3b1759e\" data-element_type=\"widget\" data-e-type=\"widget\" data-widget_type=\"text-editor.default\">\n\t\t\t\t<div class=\"elementor-widget-container\">\n\t\t\t\t\t\t\t\t\t<p><strong>By bus<\/strong><\/p><ul><li>With Distribus, summer bus: to facilitate travel and parking in Erquy and Pl\u00e9neuf-Val-Andr\u00e9, the bus allows you to travel between campsites, beaches and town centers free of charge<br \/>and daily.<\/li><li>With Breizh GO, the bus allows you to reach the coast, Pl\u00e9neuf-Val-Andr\u00e9, Erquy, Plurien from the Lamballe Armor SNCF station.<\/li><\/ul><p><strong>By electric bike<\/strong><br \/>Possibility to rent your electric bike directly on the campsite<\/p>\t\t\t\t\t\t\t\t<\/div>\n\t\t\t\t<\/div>\n\t\t\t\t\t<\/div>\n\t\t<\/div>\n\t\t\t\t<div class=\"elementor-column elementor-col-33 elementor-top-column elementor-element elementor-element-7b8ead5\" data-id=\"7b8ead5\" data-element_type=\"column\" data-e-type=\"column\">\n\t\t\t<div class=\"elementor-widget-wrap elementor-element-populated\">\n\t\t\t\t\t\t<div class=\"elementor-element elementor-element-69c0da1 h3 elementor-widget elementor-widget-heading\" data-id=\"69c0da1\" data-element_type=\"widget\" data-e-type=\"widget\" data-widget_type=\"heading.default\">\n\t\t\t\t<div class=\"elementor-widget-container\">\n\t\t\t\t\t<h2 class=\"elementor-heading-title elementor-size-default\">Live well, eat well<\/h2>\t\t\t\t<\/div>\n\t\t\t\t<\/div>\n\t\t\t\t<div class=\"elementor-element elementor-element-a9b1dec elementor-widget elementor-widget-text-editor\" data-id=\"a9b1dec\" data-element_type=\"widget\" data-e-type=\"widget\" data-widget_type=\"text-editor.default\">\n\t\t\t\t<div class=\"elementor-widget-container\">\n\t\t\t\t\t\t\t\t\t<p><strong>Restaurants near the campsite<\/strong><\/p><ul><li>Le petit Saint-Michel, Cr\u00eaperie \u2013 Moulerie \u2013 Ice cream parlour<\/li><li>The Madloc\u2019h, a semi-gastronomic restaurant<\/li><\/ul><p><strong>Restaurants at the port of Erquy<\/strong><\/p><ul><li>A wide choice of meals for all tastes, big and small appetites.<\/li><\/ul><p><strong>Producers<\/strong><\/p><ul><li>C\u00f4t\u00e9 Legumes<\/li><li>La ville \u00e8s Mare, Erquy<\/li><li>Hu\u00eetres Nonnet ZAC des Jeannettes, Erquy<\/li><li>La cidrerie Benoit, Saint-Alban<\/li><\/ul>\t\t\t\t\t\t\t\t<\/div>\n\t\t\t\t<\/div>\n\t\t\t\t\t<\/div>\n\t\t<\/div>\n\t\t\t\t\t<\/div>\n\t\t<\/section>\n\t\t\t\t<\/div>\n\t\t","protected":false},"excerpt":{"rendered":"<p>Autour du camping \u00c0 Saint-Michel, vous trouverez le calme et les joies du bord de mer dans ce camping \u00e0 l\u2019esprit nature. A v\u00e9lo, \u00e0 pied, en navette (gratuite en \u00e9t\u00e9) de nombreuses micro-aventures s\u2019offrent \u00e0 vous. Une \u00e9chapp\u00e9e d\u00e9paysante est possible \u00e0 deux pas, deux m\u00e8tres, deux kms\u2026. du camping. Le littoral La plage [&hellip;]<\/p>\n","protected":false},"author":1,"featured_media":0,"parent":0,"menu_order":0,"comment_status":"closed","ping_status":"closed","template":"","meta":{"footnotes":""},"class_list":["post-2305","page","type-page","status-publish","hentry"],"_links":{"self":[{"href":"https:\/\/www.campingsaintmichel.fr\/en\/wp-json\/wp\/v2\/pages\/2305","targetHints":{"allow":["GET"]}}],"collection":[{"href":"https:\/\/www.campingsaintmichel.fr\/en\/wp-json\/wp\/v2\/pages"}],"about":[{"href":"https:\/\/www.campingsaintmichel.fr\/en\/wp-json\/wp\/v2\/types\/page"}],"author":[{"embeddable":true,"href":"https:\/\/www.campingsaintmichel.fr\/en\/wp-json\/wp\/v2\/users\/1"}],"replies":[{"embeddable":true,"href":"https:\/\/www.campingsaintmichel.fr\/en\/wp-json\/wp\/v2\/comments?post=2305"}],"version-history":[{"count":33,"href":"https:\/\/www.campingsaintmichel.fr\/en\/wp-json\/wp\/v2\/pages\/2305\/revisions"}],"predecessor-version":[{"id":2549,"href":"https:\/\/www.campingsaintmichel.fr\/en\/wp-json\/wp\/v2\/pages\/2305\/revisions\/2549"}],"wp:attachment":[{"href":"https:\/\/www.campingsaintmichel.fr\/en\/wp-json\/wp\/v2\/media?parent=2305"}],"curies":[{"name":"wp","href":"https:\/\/api.w.org\/{rel}","templated":true}]}}