{"id":2320,"date":"2020-02-28T09:44:54","date_gmt":"2020-02-28T08:44:54","guid":{"rendered":"https:\/\/www.campingsaintmichel.fr\/politique-confidentialite\/"},"modified":"2025-03-26T12:16:38","modified_gmt":"2025-03-26T11:16:38","slug":"privacy-policy","status":"publish","type":"page","link":"https:\/\/www.campingsaintmichel.fr\/en\/privacy-policy\/","title":{"rendered":"Privacy policy"},"content":{"rendered":"\t\t<div data-elementor-type=\"wp-page\" data-elementor-id=\"2320\" class=\"elementor elementor-2320 elementor-27\" data-elementor-post-type=\"page\">\n\t\t\t\t\t\t<section class=\"elementor-section elementor-top-section elementor-element elementor-element-3b50d0bc section_title center elementor-section-boxed elementor-section-height-default elementor-section-height-default\" data-id=\"3b50d0bc\" data-element_type=\"section\" data-e-type=\"section\" data-settings=\"{&quot;background_background&quot;:&quot;classic&quot;}\">\n\t\t\t\t\t\t<div class=\"elementor-container elementor-column-gap-default\">\n\t\t\t\t\t<div class=\"elementor-column elementor-col-100 elementor-top-column elementor-element elementor-element-7902162f\" data-id=\"7902162f\" data-element_type=\"column\" data-e-type=\"column\">\n\t\t\t<div class=\"elementor-widget-wrap elementor-element-populated\">\n\t\t\t\t\t\t<section class=\"elementor-section elementor-inner-section elementor-element elementor-element-3c8dcdee elementor-section-boxed elementor-section-height-default elementor-section-height-default\" data-id=\"3c8dcdee\" data-element_type=\"section\" data-e-type=\"section\">\n\t\t\t\t\t\t<div class=\"elementor-container elementor-column-gap-default\">\n\t\t\t\t\t<div class=\"elementor-column elementor-col-100 elementor-inner-column elementor-element elementor-element-4cc5c1b4\" data-id=\"4cc5c1b4\" data-element_type=\"column\" data-e-type=\"column\">\n\t\t\t<div class=\"elementor-widget-wrap elementor-element-populated\">\n\t\t\t\t\t\t\t<\/div>\n\t\t<\/div>\n\t\t\t\t\t<\/div>\n\t\t<\/section>\n\t\t\t\t\t<\/div>\n\t\t<\/div>\n\t\t\t\t\t<\/div>\n\t\t<\/section>\n\t\t\t\t<section class=\"elementor-section elementor-top-section elementor-element elementor-element-cca9449 elementor-section-boxed elementor-section-height-default elementor-section-height-default\" data-id=\"cca9449\" data-element_type=\"section\" data-e-type=\"section\">\n\t\t\t\t\t\t<div class=\"elementor-container elementor-column-gap-default\">\n\t\t\t\t\t<div class=\"elementor-column elementor-col-100 elementor-top-column elementor-element elementor-element-25ec9f5\" data-id=\"25ec9f5\" data-element_type=\"column\" data-e-type=\"column\">\n\t\t\t<div class=\"elementor-widget-wrap elementor-element-populated\">\n\t\t\t\t\t\t<div class=\"elementor-element elementor-element-441af4c elementor-widget elementor-widget-text-editor\" data-id=\"441af4c\" data-element_type=\"widget\" data-e-type=\"widget\" data-widget_type=\"text-editor.default\">\n\t\t\t\t<div class=\"elementor-widget-container\">\n\t\t\t\t\t\t\t\t\t<p>Dans le cadre de notre activit\u00e9, notre soci\u00e9t\u00e9 est amen\u00e9e \u00e0 traiter des informations vous concernant. Certaines sont de nature \u00e0 vous identifier (&#8220;donn\u00e9es personnelles&#8221;). La pr\u00e9sente politique de confidentialit\u00e9 vous informe de la mani\u00e8re dont nous recueillons et traitons vos donn\u00e9es personnelles. Nous vous invitons \u00e0 la lire attentivement.<\/p>\t\t\t\t\t\t\t\t<\/div>\n\t\t\t\t<\/div>\n\t\t\t\t<div class=\"elementor-element elementor-element-6c200b0 h3 elementor-widget elementor-widget-heading\" data-id=\"6c200b0\" data-element_type=\"widget\" data-e-type=\"widget\" data-widget_type=\"heading.default\">\n\t\t\t\t<div class=\"elementor-widget-container\">\n\t\t\t\t\t<h2 class=\"elementor-heading-title elementor-size-default\">Pour quelles finalit\u00e9s utilisons-nous vos donn\u00e9es ?<\/h2>\t\t\t\t<\/div>\n\t\t\t\t<\/div>\n\t\t\t\t<div class=\"elementor-element elementor-element-915b115 elementor-widget elementor-widget-text-editor\" data-id=\"915b115\" data-element_type=\"widget\" data-e-type=\"widget\" data-widget_type=\"text-editor.default\">\n\t\t\t\t<div class=\"elementor-widget-container\">\n\t\t\t\t\t\t\t\t\t<p>Nous n\u2019utilisons vos donn\u00e9es personnelles que dans les cas pr\u00e9sentant un int\u00e9r\u00eat l\u00e9gitime.<br \/>Notre int\u00e9r\u00eat l\u00e9gitime \u00e0 l\u2019utilisation de vos donn\u00e9es est de :<\/p><ul><li>Vous donner la possibilit\u00e9 de nous contacter<\/li><li>Caract\u00e9riser l\u2019audience de notre site afin d\u2019en am\u00e9liorer l\u2019exp\u00e9rience<\/li><\/ul><p>En tout \u00e9tat de cause, vos droits individuels primeront toujours sur notre int\u00e9r\u00eat l\u00e9gitime, et nous n\u2019utiliserons jamais vos donn\u00e9es \u00e0 des fins commerciales contre votre volont\u00e9. Votre consentement \u00e0 l\u2019utilisation de vos donn\u00e9es vous sera toujours demand\u00e9, et vous pourrez toujours le retirer.<\/p>\t\t\t\t\t\t\t\t<\/div>\n\t\t\t\t<\/div>\n\t\t\t\t<div class=\"elementor-element elementor-element-f39d122 h3 elementor-widget elementor-widget-heading\" data-id=\"f39d122\" data-element_type=\"widget\" data-e-type=\"widget\" data-widget_type=\"heading.default\">\n\t\t\t\t<div class=\"elementor-widget-container\">\n\t\t\t\t\t<h2 class=\"elementor-heading-title elementor-size-default\">Comment vos donn\u00e9es sont-elles collect\u00e9es, et quelles sont-elles ?<\/h2>\t\t\t\t<\/div>\n\t\t\t\t<\/div>\n\t\t\t\t<div class=\"elementor-element elementor-element-a8385bb elementor-widget elementor-widget-text-editor\" data-id=\"a8385bb\" data-element_type=\"widget\" data-e-type=\"widget\" data-widget_type=\"text-editor.default\">\n\t\t\t\t<div class=\"elementor-widget-container\">\n\t\t\t\t\t\t\t\t\t<ul><li>En remplissant un formulaire de contact : civilit\u00e9, nom, pr\u00e9nom, email et num\u00e9ro de t\u00e9l\u00e9phone<\/li><li>Par d\u00e9p\u00f4t d\u2019un cookie dans votre navigateur : adresse IP, syst\u00e8me d\u2019exploitation (Windows, Mac, Linux\u2026), navigateur (Firefox, Chrome, Internet Explorer, Safari\u2026), date et heure de votre visite, adresse de la page internet de provenance, contenus consult\u00e9s sur notre site.<\/li><\/ul>\t\t\t\t\t\t\t\t<\/div>\n\t\t\t\t<\/div>\n\t\t\t\t<div class=\"elementor-element elementor-element-3b166cc h3 elementor-widget elementor-widget-heading\" data-id=\"3b166cc\" data-element_type=\"widget\" data-e-type=\"widget\" data-widget_type=\"heading.default\">\n\t\t\t\t<div class=\"elementor-widget-container\">\n\t\t\t\t\t<h2 class=\"elementor-heading-title elementor-size-default\">Qui a acc\u00e8s aux donn\u00e9es que nous recueillons ?<\/h2>\t\t\t\t<\/div>\n\t\t\t\t<\/div>\n\t\t\t\t<div class=\"elementor-element elementor-element-b4842d1 elementor-widget elementor-widget-text-editor\" data-id=\"b4842d1\" data-element_type=\"widget\" data-e-type=\"widget\" data-widget_type=\"text-editor.default\">\n\t\t\t\t<div class=\"elementor-widget-container\">\n\t\t\t\t\t\t\t\t\t<p>Les donn\u00e9es que nous collectons directement par l\u2019interm\u00e9diaire de formulaires ne sont transmises \u00e0 aucune autre soci\u00e9t\u00e9. Au sein de notre soci\u00e9t\u00e9, seules les personnes habilit\u00e9es \u00e0 traiter la r\u00e9ception des formulaires peuvent acc\u00e9der \u00e0 vos donn\u00e9es personnelles.<\/p><p>Les donn\u00e9es que nous collectons indirectement par l\u2019interm\u00e9diaire de cookies sont transmises \u00e0 Google Analytics.<\/p>\t\t\t\t\t\t\t\t<\/div>\n\t\t\t\t<\/div>\n\t\t\t\t<div class=\"elementor-element elementor-element-d3cf382 h3 elementor-widget elementor-widget-heading\" data-id=\"d3cf382\" data-element_type=\"widget\" data-e-type=\"widget\" data-widget_type=\"heading.default\">\n\t\t\t\t<div class=\"elementor-widget-container\">\n\t\t\t\t\t<h2 class=\"elementor-heading-title elementor-size-default\">O\u00f9 se trouvent physiquement vos donn\u00e9es (lieu de stockage) ?<\/h2>\t\t\t\t<\/div>\n\t\t\t\t<\/div>\n\t\t\t\t<div class=\"elementor-element elementor-element-56203f4 elementor-widget elementor-widget-text-editor\" data-id=\"56203f4\" data-element_type=\"widget\" data-e-type=\"widget\" data-widget_type=\"text-editor.default\">\n\t\t\t\t<div class=\"elementor-widget-container\">\n\t\t\t\t\t\t\t\t\t<p>Les donn\u00e9es que nous recueillons directement sont stock\u00e9es en France, sur les serveurs de la soci\u00e9t\u00e9 OVH. Les donn\u00e9es anonymis\u00e9es recueillies par l\u2019interm\u00e9diaire de cookies et transmises \u00e0 Google Analytics sont stock\u00e9es sur les serveurs de Google.<\/p>\t\t\t\t\t\t\t\t<\/div>\n\t\t\t\t<\/div>\n\t\t\t\t<div class=\"elementor-element elementor-element-3715d59 h3 elementor-widget elementor-widget-heading\" data-id=\"3715d59\" data-element_type=\"widget\" data-e-type=\"widget\" data-widget_type=\"heading.default\">\n\t\t\t\t<div class=\"elementor-widget-container\">\n\t\t\t\t\t<h2 class=\"elementor-heading-title elementor-size-default\">Comment Google utilise les informations collect\u00e9es ?<\/h2>\t\t\t\t<\/div>\n\t\t\t\t<\/div>\n\t\t\t\t<div class=\"elementor-element elementor-element-32d92a5 elementor-widget elementor-widget-text-editor\" data-id=\"32d92a5\" data-element_type=\"widget\" data-e-type=\"widget\" data-widget_type=\"text-editor.default\">\n\t\t\t\t<div class=\"elementor-widget-container\">\n\t\t\t\t\t\t\t\t\tConsulter les <a href=\"https:\/\/policies.google.com\/technologies\/partner-sites\" target=\"_blank\" rel=\"noopener\">r\u00e8gles de confidentialit\u00e9 et conditions d&#8217;utilisation de Google<\/a>\t\t\t\t\t\t\t\t<\/div>\n\t\t\t\t<\/div>\n\t\t\t\t<div class=\"elementor-element elementor-element-07da700 h3 elementor-widget elementor-widget-heading\" data-id=\"07da700\" data-element_type=\"widget\" data-e-type=\"widget\" data-widget_type=\"heading.default\">\n\t\t\t\t<div class=\"elementor-widget-container\">\n\t\t\t\t\t<h2 class=\"elementor-heading-title elementor-size-default\">Comment vos donn\u00e9es sont-elles prot\u00e9g\u00e9es ?<\/h2>\t\t\t\t<\/div>\n\t\t\t\t<\/div>\n\t\t\t\t<div class=\"elementor-element elementor-element-457a118 elementor-widget elementor-widget-text-editor\" data-id=\"457a118\" data-element_type=\"widget\" data-e-type=\"widget\" data-widget_type=\"text-editor.default\">\n\t\t\t\t<div class=\"elementor-widget-container\">\n\t\t\t\t\t\t\t\t\t<p>Tous les \u00e9changes avec notre site internet sont crypt\u00e9s par un certificat SSL Let\u2019s Encrypt. Les personnes de notre soci\u00e9t\u00e9 habilit\u00e9es \u00e0 consulter vos donn\u00e9es le font via une connexion s\u00e9curis\u00e9e par login et mot de passe crypt\u00e9.<\/p>\t\t\t\t\t\t\t\t<\/div>\n\t\t\t\t<\/div>\n\t\t\t\t<div class=\"elementor-element elementor-element-69646a5 h3 elementor-widget elementor-widget-heading\" data-id=\"69646a5\" data-element_type=\"widget\" data-e-type=\"widget\" data-widget_type=\"heading.default\">\n\t\t\t\t<div class=\"elementor-widget-container\">\n\t\t\t\t\t<h2 class=\"elementor-heading-title elementor-size-default\">Quels sont vos droits ?<\/h2>\t\t\t\t<\/div>\n\t\t\t\t<\/div>\n\t\t\t\t<div class=\"elementor-element elementor-element-9bb343d elementor-widget elementor-widget-text-editor\" data-id=\"9bb343d\" data-element_type=\"widget\" data-e-type=\"widget\" data-widget_type=\"text-editor.default\">\n\t\t\t\t<div class=\"elementor-widget-container\">\n\t\t\t\t\t\t\t\t\t<p>Vous pouvez \u00e0 tout moment demander le retrait de votre consentement \u00e0 l\u2019un de nos services. Vous pouvez \u00e9galement demander la suppression totale et d\u00e9finitive de nos syst\u00e8mes des donn\u00e9es personnelles vous concernant. Votre demande doit \u00eatre formul\u00e9e \u00e0 l\u2019attention du responsable du traitement des donn\u00e9es personnelles.<\/p>\t\t\t\t\t\t\t\t<\/div>\n\t\t\t\t<\/div>\n\t\t\t\t<div class=\"elementor-element elementor-element-e0c9a8a h3 elementor-widget elementor-widget-heading\" data-id=\"e0c9a8a\" data-element_type=\"widget\" data-e-type=\"widget\" data-widget_type=\"heading.default\">\n\t\t\t\t<div class=\"elementor-widget-container\">\n\t\t\t\t\t<h2 class=\"elementor-heading-title elementor-size-default\">Responsable du traitement des donn\u00e9es<\/h2>\t\t\t\t<\/div>\n\t\t\t\t<\/div>\n\t\t\t\t<div class=\"elementor-element elementor-element-fe59044 elementor-widget elementor-widget-text-editor\" data-id=\"fe59044\" data-element_type=\"widget\" data-e-type=\"widget\" data-widget_type=\"text-editor.default\">\n\t\t\t\t<div class=\"elementor-widget-container\">\n\t\t\t\t\t\t\t\t\t<p>Le responsable des traitements mentionn\u00e9s par le pr\u00e9sent document est la Soci\u00e9t\u00e9 CAMPING SAINT-MICHEL.<br \/>Le d\u00e9l\u00e9gu\u00e9 \u00e0 la protection des donn\u00e9es est joignable \u00e0 l\u2019adresse :\u00a0<strong>campingsaintmichel@erquy.bzh<\/strong><\/p>\t\t\t\t\t\t\t\t<\/div>\n\t\t\t\t<\/div>\n\t\t\t\t\t<\/div>\n\t\t<\/div>\n\t\t\t\t\t<\/div>\n\t\t<\/section>\n\t\t\t\t<\/div>\n\t\t","protected":false},"excerpt":{"rendered":"<p>Dans le cadre de notre activit\u00e9, notre soci\u00e9t\u00e9 est amen\u00e9e \u00e0 traiter des informations vous concernant. Certaines sont de nature \u00e0 vous identifier (&#8220;donn\u00e9es personnelles&#8221;). La pr\u00e9sente politique de confidentialit\u00e9 vous informe de la mani\u00e8re dont nous recueillons et traitons vos donn\u00e9es personnelles. Nous vous invitons \u00e0 la lire attentivement. Pour quelles finalit\u00e9s utilisons-nous vos [&hellip;]<\/p>\n","protected":false},"author":1,"featured_media":0,"parent":0,"menu_order":0,"comment_status":"closed","ping_status":"closed","template":"","meta":{"footnotes":""},"class_list":["post-2320","page","type-page","status-publish","hentry"],"_links":{"self":[{"href":"https:\/\/www.campingsaintmichel.fr\/en\/wp-json\/wp\/v2\/pages\/2320","targetHints":{"allow":["GET"]}}],"collection":[{"href":"https:\/\/www.campingsaintmichel.fr\/en\/wp-json\/wp\/v2\/pages"}],"about":[{"href":"https:\/\/www.campingsaintmichel.fr\/en\/wp-json\/wp\/v2\/types\/page"}],"author":[{"embeddable":true,"href":"https:\/\/www.campingsaintmichel.fr\/en\/wp-json\/wp\/v2\/users\/1"}],"replies":[{"embeddable":true,"href":"https:\/\/www.campingsaintmichel.fr\/en\/wp-json\/wp\/v2\/comments?post=2320"}],"version-history":[{"count":1,"href":"https:\/\/www.campingsaintmichel.fr\/en\/wp-json\/wp\/v2\/pages\/2320\/revisions"}],"predecessor-version":[{"id":2321,"href":"https:\/\/www.campingsaintmichel.fr\/en\/wp-json\/wp\/v2\/pages\/2320\/revisions\/2321"}],"wp:attachment":[{"href":"https:\/\/www.campingsaintmichel.fr\/en\/wp-json\/wp\/v2\/media?parent=2320"}],"curies":[{"name":"wp","href":"https:\/\/api.w.org\/{rel}","templated":true}]}}